{"id":1519,"date":"2022-10-28T07:57:12","date_gmt":"2022-10-28T07:57:12","guid":{"rendered":"https:\/\/match-talionis.citic.udc.es\/?post_type=product&#038;p=1519"},"modified":"2022-12-05T17:00:07","modified_gmt":"2022-12-05T17:00:07","slug":"boop-light-detector","status":"publish","type":"product","link":"https:\/\/match-talionis.citic.udc.es\/?product=boop-light-detector","title":{"rendered":"Boop Light Detector"},"content":{"rendered":"<table style=\"font-weight: 400;\" data-tablestyle=\"MsoTable15Grid5DarkAccent3\" data-tablelook=\"640\" aria-rowcount=\"9\">\n<tbody>\n<tr aria-rowindex=\"1\">\n<td data-celllook=\"69633\"><span style=\"color: #fab111;\">ACTIVIDAD\/\u00c1REA DEL DESEMPE\u00d1O\u00a0<\/span><\/td>\n<td data-celllook=\"65536\"><span data-contrast=\"auto\">Actividades de la vida diaria\/ Actividades instrumentales de la vida diaria<\/span><span data-ccp-props=\"{&quot;134233117&quot;:false,&quot;134233118&quot;:false,&quot;201341983&quot;:0,&quot;335551550&quot;:1,&quot;335551620&quot;:1,&quot;335559685&quot;:0,&quot;335559737&quot;:0,&quot;335559738&quot;:0,&quot;335559739&quot;:0,&quot;335559740&quot;:259}\">\u00a0<\/span><\/td>\n<\/tr>\n<tr aria-rowindex=\"2\">\n<td data-celllook=\"69632\"><span style=\"color: #fab111;\">APLICABILIDAD DE LA SOLUCI\u00d3N (Objetivo)\u00a0<\/span><\/td>\n<td data-celllook=\"65536\"><span data-contrast=\"auto\">Movilidad \/Orientaci\u00f3n \/ Miscel\u00e1nea<\/span><span data-ccp-props=\"{&quot;201341983&quot;:0,&quot;335559740&quot;:259}\">\u00a0<\/span><\/td>\n<\/tr>\n<tr aria-rowindex=\"3\">\n<td data-celllook=\"69632\"><span style=\"color: #fab111;\">C\u00d3DIGO Y CATEGOR\u00cdA ISO\u00a0<\/span><\/td>\n<td data-celllook=\"65536\"><span data-contrast=\"auto\">22 Productos de apoyo para la comunicaci\u00f3n y la informaci\u00f3n\u202f<\/span><span data-ccp-props=\"{&quot;201341983&quot;:0,&quot;335559740&quot;:259}\">\u00a0<\/span><\/p>\n<p><span data-contrast=\"auto\">27 Productos de apoyo para la mejora y evaluaci\u00f3n del ambiente\/entorno<\/span><span data-ccp-props=\"{&quot;201341983&quot;:0,&quot;335559740&quot;:259}\">\u00a0<\/span><\/td>\n<\/tr>\n<tr aria-rowindex=\"4\">\n<td data-celllook=\"69632\"><span style=\"color: #fab111;\">TIPO DE SOLUCI\u00d3N\u00a0<\/span><\/td>\n<td data-celllook=\"65536\"><span data-contrast=\"auto\">Software<\/span><span data-ccp-props=\"{&quot;201341983&quot;:0,&quot;335559740&quot;:259}\">\u00a0<\/span><\/td>\n<\/tr>\n<tr aria-rowindex=\"5\">\n<td data-celllook=\"69632\"><span style=\"color: #fab111;\">SISTEMA OPERATIVO\u00a0<\/span><\/td>\n<td data-celllook=\"65536\"><span data-contrast=\"auto\">iOs 8.0 o posterior<\/span><span data-ccp-props=\"{&quot;201341983&quot;:0,&quot;335559740&quot;:259}\">\u00a0<\/span><\/td>\n<\/tr>\n<tr aria-rowindex=\"6\">\n<td data-celllook=\"69632\"><span style=\"color: #fab111;\">EDAD RECOMENDADA\u00a0<\/span><\/td>\n<td data-celllook=\"65536\"><span data-contrast=\"auto\">A partir de 4 a\u00f1os<\/span><span data-ccp-props=\"{&quot;201341983&quot;:0,&quot;335559740&quot;:259}\">\u00a0<\/span><\/td>\n<\/tr>\n<tr aria-rowindex=\"7\">\n<td data-celllook=\"69632\"><span style=\"color: #fab111;\">GRADO DE DIFICULTAD\u00a0<\/span><\/td>\n<td data-celllook=\"65536\"><span data-contrast=\"auto\">Bajo<\/span><span data-ccp-props=\"{&quot;201341983&quot;:0,&quot;335559740&quot;:259}\">\u00a0<\/span><\/td>\n<\/tr>\n<tr aria-rowindex=\"8\">\n<td data-celllook=\"69632\"><span style=\"color: #fab111;\">IDIOMA\u00a0<\/span><\/td>\n<td data-celllook=\"65536\"><span data-contrast=\"auto\">Ingl\u00e9s\u00a0<\/span><span data-ccp-props=\"{&quot;201341983&quot;:0,&quot;335559740&quot;:259}\">\u00a0<\/span><\/td>\n<\/tr>\n<tr aria-rowindex=\"9\">\n<td data-celllook=\"69888\"><span style=\"color: #fab111;\">COSTE\u00a0<\/span><\/td>\n<td data-celllook=\"65536\"><span data-contrast=\"auto\">Gratuito\u00a0<\/span><span data-ccp-props=\"{&quot;201341983&quot;:0,&quot;335559740&quot;:259}\">\u00a0<\/span><\/td>\n<\/tr>\n<\/tbody>\n<\/table>\n<p>&nbsp;<\/p>\n<p>&nbsp;<\/p>\n\n<div\n    class='wp-block-pdfp-pdf-poster  alignnone'\n    id='block-2'\n    data-attributes='{&quot;uniqueId&quot;:&quot;pdfp1&quot;,&quot;file&quot;:&quot;https:\\\/\\\/match-talionis.citic.udc.es\\\/wp-content\\\/uploads\\\/2022\\\/12\\\/BoopLightDetector.pdf&quot;,&quot;title&quot;:&quot;Boop Light Detector&quot;,&quot;height&quot;:&quot;1400px&quot;,&quot;width&quot;:&quot;100%&quot;,&quot;print&quot;:true,&quot;fullscreenButton&quot;:&quot;1&quot;,&quot;fullscreenButtonText&quot;:&quot;View Fullscreen&quot;,&quot;newWindow&quot;:false,&quot;showName&quot;:false,&quot;downloadButton&quot;:false,&quot;downloadButtonText&quot;:&quot;Download File&quot;,&quot;protect&quot;:false,&quot;onlyPDF&quot;:false,&quot;defaultBrowser&quot;:false,&quot;thumbMenu&quot;:false,&quot;initialPage&quot;:0,&quot;sidebarOpen&quot;:false,&quot;lastVersion&quot;:false,&quot;hrScroll&quot;:0,&quot;alert&quot;:true,&quot;btnStyles&quot;:{&quot;background&quot;:&quot;#1e73be&quot;,&quot;color&quot;:&quot;#fff&quot;,&quot;fontSize&quot;:&quot;1rem&quot;,&quot;padding&quot;:{&quot;top&quot;:10,&quot;right&quot;:20,&quot;bottom&quot;:10,&quot;left&quot;:10}},&quot;popupOptions&quot;:{&quot;enabled&quot;:0,&quot;text&quot;:&quot;Open PDF&quot;,&quot;triggerType&quot;:&quot;button&quot;,&quot;image&quot;:&quot;&quot;,&quot;imageHeight&quot;:&quot;200px&quot;,&quot;imageWidth&quot;:&quot;300px&quot;,&quot;imagePdfIcon&quot;:true,&quot;triggerAlignment&quot;:&quot;center&quot;,&quot;btnStyle&quot;:{&quot;background&quot;:&quot;#1e73be&quot;,&quot;color&quot;:&quot;#fff&quot;,&quot;fontSize&quot;:&quot;1rem&quot;,&quot;padding&quot;:{&quot;top&quot;:10,&quot;right&quot;:20,&quot;bottom&quot;:10,&quot;left&quot;:10}}},&quot;actionsPosition&quot;:&quot;top&quot;,&quot;socialShare&quot;:{&quot;enabled&quot;:false,&quot;facebook&quot;:false,&quot;twitter&quot;:false,&quot;linkedin&quot;:false,&quot;pinterest&quot;:false,&quot;position&quot;:&quot;top&quot;},&quot;adobeEmbedder&quot;:false,&quot;align&quot;:&quot;none&quot;,&quot;alignment&quot;:&quot;left&quot;,&quot;titleFontSize&quot;:&quot;16px&quot;,&quot;isHideRightToolbar&quot;:false,&quot;additional&quot;:{&quot;ID&quot;:&quot;&quot;,&quot;Class&quot;:&quot;&quot;,&quot;CSS&quot;:&quot;&quot;},&quot;adobeOptions&quot;:{&quot;showDownloadPDF&quot;:true,&quot;showPrintPDF&quot;:true,&quot;showAnnotationTools&quot;:true,&quot;showFullScreen&quot;:false,&quot;embedMode&quot;:&quot;SIZED_CONTAINER&quot;},&quot;popupBtnStyle&quot;:{&quot;background&quot;:&quot;#2271b1&quot;,&quot;color&quot;:&quot;#fff&quot;,&quot;padding&quot;:{&quot;top&quot;:10,&quot;right&quot;:20,&quot;bottom&quot;:10,&quot;left&quot;:10}},&quot;popupBtnText&quot;:&quot;Open Document&quot;,&quot;CSS&quot;:&quot;&quot;,&quot;isPremium&quot;:false}'\n    style=\"text-align: left\">\n    \n        <iframe title=\"Boop Light Detector\" style=\"border:0;\" width=\"100%\" height=\"800px\" class=\"pdfp_unsupported_frame\" src=\"\/\/docs.google.com\/gview?embedded=true&url=https:\/\/match-talionis.citic.udc.es\/wp-content\/uploads\/2022\/12\/BoopLightDetector.pdf\"><\/iframe>\n\n    <\/div>\n\n","protected":false},"excerpt":{"rendered":"<p><span style=\"color: #88c33d;\"><span class=\"TextRun SCXW37215375 BCX8\" lang=\"ES-ES\" xml:lang=\"ES-ES\" data-contrast=\"auto\"><span class=\"NormalTextRun SCXW37215375 BCX8\">Aplicaci\u00f3n que informa de la intensidad de la luz con un pitido m\u00e1s grave o agudo, o por vibraci\u00f3n m\u00e1s o menos intensa.<\/span><\/span><span class=\"EOP SCXW37215375 BCX8\" data-ccp-props=\"{&quot;201341983&quot;:0,&quot;335559739&quot;:160,&quot;335559740&quot;:259}\">\u00a0<\/span><\/span><\/p>\n","protected":false},"featured_media":2026,"template":"","meta":[],"product_brand":[],"product_cat":[101,103,71,72,106,80,93,110,111,84,124,129,91,86,128,119,116,127,114],"product_tag":[],"class_list":{"0":"post-1519","1":"product","2":"type-product","3":"status-publish","4":"has-post-thumbnail","6":"product_cat-22-productos-de-apoyo-para-la-comunicacion-y-la-informacion","7":"product_cat-27-productos-de-apoyo-para-la-mejora-y-evaluacion-del-ambiente-entorno","8":"product_cat-actividad","9":"product_cat-actividades-basicas-e-instrumentales-de-la-vida-diaria","10":"product_cat-adecuado-para-personas-con","11":"product_cat-aplicabilidad-de-la-solucion-tecnologica","12":"product_cat-clasificacion-internacional-iso-99992017-solo-primer-nivel","13":"product_cat-diversidad-funcional-auditiva","14":"product_cat-diversidad-funcional-visual-baja-vision-y-o-ceguera","15":"product_cat-geolocalizacion-y-orientacion","16":"product_cat-ios","17":"product_cat-mano-dedo","18":"product_cat-miscelanea","19":"product_cat-movilidad","20":"product_cat-seleccion-directa","21":"product_cat-sistema-operativo","22":"product_cat-software","23":"product_cat-tipo-de-acceso-segun-movilidad-conservada","24":"product_cat-tipo-de-solucion","26":"first","27":"instock","28":"shipping-taxable","29":"product-type-simple"},"_links":{"self":[{"href":"https:\/\/match-talionis.citic.udc.es\/index.php?rest_route=\/wp\/v2\/product\/1519","targetHints":{"allow":["GET"]}}],"collection":[{"href":"https:\/\/match-talionis.citic.udc.es\/index.php?rest_route=\/wp\/v2\/product"}],"about":[{"href":"https:\/\/match-talionis.citic.udc.es\/index.php?rest_route=\/wp\/v2\/types\/product"}],"version-history":[{"count":7,"href":"https:\/\/match-talionis.citic.udc.es\/index.php?rest_route=\/wp\/v2\/product\/1519\/revisions"}],"predecessor-version":[{"id":3485,"href":"https:\/\/match-talionis.citic.udc.es\/index.php?rest_route=\/wp\/v2\/product\/1519\/revisions\/3485"}],"wp:featuredmedia":[{"embeddable":true,"href":"https:\/\/match-talionis.citic.udc.es\/index.php?rest_route=\/wp\/v2\/media\/2026"}],"wp:attachment":[{"href":"https:\/\/match-talionis.citic.udc.es\/index.php?rest_route=%2Fwp%2Fv2%2Fmedia&parent=1519"}],"wp:term":[{"taxonomy":"product_brand","embeddable":true,"href":"https:\/\/match-talionis.citic.udc.es\/index.php?rest_route=%2Fwp%2Fv2%2Fproduct_brand&post=1519"},{"taxonomy":"product_cat","embeddable":true,"href":"https:\/\/match-talionis.citic.udc.es\/index.php?rest_route=%2Fwp%2Fv2%2Fproduct_cat&post=1519"},{"taxonomy":"product_tag","embeddable":true,"href":"https:\/\/match-talionis.citic.udc.es\/index.php?rest_route=%2Fwp%2Fv2%2Fproduct_tag&post=1519"}],"curies":[{"name":"wp","href":"https:\/\/api.w.org\/{rel}","templated":true}]}}