{"id":2037,"date":"2022-11-11T09:31:11","date_gmt":"2022-11-11T09:31:11","guid":{"rendered":"https:\/\/match-talionis.citic.udc.es\/?post_type=product&#038;p=2037"},"modified":"2022-12-05T16:47:40","modified_gmt":"2022-12-05T16:47:40","slug":"asistente-de-voz-aac","status":"publish","type":"product","link":"https:\/\/match-talionis.citic.udc.es\/?product=asistente-de-voz-aac","title":{"rendered":"Asistente de voz AAC"},"content":{"rendered":"<table data-tablestyle=\"MsoTable15Grid5DarkAccent3\" data-tablelook=\"640\" aria-rowcount=\"9\">\n<tbody>\n<tr aria-rowindex=\"1\">\n<td data-celllook=\"69633\"><span style=\"color: #fab111;\">ACTIVIDAD\/\u00c1REA DEL DESEMPE\u00d1O\u00a0<\/span><\/td>\n<td data-celllook=\"65536\"><span data-contrast=\"auto\">Educaci\u00f3n; Trabajo\/ Ocio\/ Participaci\u00f3n social<\/span><span data-ccp-props=\"{&quot;201341983&quot;:0,&quot;335559740&quot;:259}\">\u00a0<\/span><\/td>\n<\/tr>\n<tr aria-rowindex=\"2\">\n<td data-celllook=\"69632\"><span style=\"color: #fab111;\" data-contrast=\"auto\">APLICABILIDAD DE LA SOLUCI\u00d3N (Objetivo)<\/span><span data-ccp-props=\"{&quot;201341983&quot;:0,&quot;335559740&quot;:259}\">\u00a0<\/span><\/td>\n<td data-celllook=\"65536\"><span data-contrast=\"auto\">Comunicaci\u00f3n<\/span><span data-ccp-props=\"{&quot;201341983&quot;:0,&quot;335559740&quot;:259}\">\u00a0<\/span><\/td>\n<\/tr>\n<tr aria-rowindex=\"3\">\n<td data-celllook=\"69632\"><span style=\"color: #fab111;\">C\u00d3DIGO Y CATEGOR\u00cdA ISO\u00a0<\/span><\/td>\n<td data-celllook=\"65536\"><span data-contrast=\"auto\">22 Productos de apoyo para la comunicaci\u00f3n y la informaci\u00f3n<\/span><span data-ccp-props=\"{&quot;201341983&quot;:0,&quot;335559740&quot;:259}\">\u00a0<\/span><\/td>\n<\/tr>\n<tr aria-rowindex=\"4\">\n<td data-celllook=\"69632\"><span style=\"color: #fab111;\">TIPO DE SOLUCI\u00d3N\u00a0<\/span><\/td>\n<td data-celllook=\"65536\"><span data-contrast=\"auto\">Software<\/span><span data-ccp-props=\"{&quot;201341983&quot;:0,&quot;335559740&quot;:259}\">\u00a0<\/span><\/td>\n<\/tr>\n<tr aria-rowindex=\"5\">\n<td data-celllook=\"69632\"><span style=\"color: #fab111;\">SISTEMA OPERATIVO\u00a0<\/span><\/td>\n<td data-celllook=\"65536\"><span data-contrast=\"auto\">ANDROID 6.0.3 y versiones posteriores \/ iOs 11.0 o posterior<\/span><span data-ccp-props=\"{&quot;201341983&quot;:0,&quot;335559740&quot;:259}\">\u00a0<\/span><\/td>\n<\/tr>\n<tr aria-rowindex=\"6\">\n<td data-celllook=\"69632\"><span style=\"color: #fab111;\">EDAD RECOMENDADA\u00a0<\/span><\/td>\n<td data-celllook=\"65536\"><span data-contrast=\"auto\">Todas las edades\u00a0<\/span><span data-ccp-props=\"{&quot;201341983&quot;:0,&quot;335559740&quot;:259}\">\u00a0<\/span><\/td>\n<\/tr>\n<tr aria-rowindex=\"7\">\n<td data-celllook=\"69632\"><span style=\"color: #fab111;\">GRADO DE DIFICULTAD\u00a0<\/span><\/td>\n<td data-celllook=\"65536\"><span data-contrast=\"auto\">Bajo<\/span><span data-ccp-props=\"{&quot;201341983&quot;:0,&quot;335559740&quot;:259}\">\u00a0<\/span><\/td>\n<\/tr>\n<tr aria-rowindex=\"8\">\n<td data-celllook=\"69632\"><span style=\"color: #fab111;\">IDIOMA\u00a0<\/span><\/td>\n<td data-celllook=\"65536\"><span data-contrast=\"auto\">Espa\u00f1ol\/ Ingl\u00e9s\/ Alem<\/span><span data-contrast=\"auto\">\u00e1<\/span><span data-contrast=\"auto\">n\/ Franc\u00e9s\/ Holand\u00e9s<\/span><\/td>\n<\/tr>\n<tr aria-rowindex=\"9\">\n<td data-celllook=\"69888\"><span style=\"color: #fab111;\">COSTE\u00a0<\/span><\/td>\n<td data-celllook=\"65536\"><span data-contrast=\"auto\">Gratuito con compras dentro de la aplicaci\u00f3n \/ 17.87\u20ac para el caso de iOs<\/span><span data-ccp-props=\"{&quot;201341983&quot;:0,&quot;335559740&quot;:259}\">\u00a0<\/span><\/td>\n<\/tr>\n<\/tbody>\n<\/table>\n<p><span data-ccp-props=\"{&quot;201341983&quot;:0,&quot;335559739&quot;:160,&quot;335559740&quot;:259}\">\u00a0<\/span><\/p>\n<p>&nbsp;<\/p>\n\n<div\n    class='wp-block-pdfp-pdf-poster  alignnone'\n    id='block-2'\n    data-attributes='{&quot;uniqueId&quot;:&quot;pdfp1&quot;,&quot;file&quot;:&quot;https:\\\/\\\/match-talionis.citic.udc.es\\\/wp-content\\\/uploads\\\/2022\\\/12\\\/Asistente-de-voz-AAC.pdf&quot;,&quot;title&quot;:&quot;Asistente de voz AAC&quot;,&quot;height&quot;:&quot;1400px&quot;,&quot;width&quot;:&quot;100%&quot;,&quot;print&quot;:true,&quot;fullscreenButton&quot;:&quot;1&quot;,&quot;fullscreenButtonText&quot;:&quot;View Fullscreen&quot;,&quot;newWindow&quot;:false,&quot;showName&quot;:false,&quot;downloadButton&quot;:false,&quot;downloadButtonText&quot;:&quot;Download File&quot;,&quot;protect&quot;:false,&quot;onlyPDF&quot;:false,&quot;defaultBrowser&quot;:false,&quot;thumbMenu&quot;:false,&quot;initialPage&quot;:0,&quot;sidebarOpen&quot;:false,&quot;lastVersion&quot;:false,&quot;hrScroll&quot;:0,&quot;alert&quot;:true,&quot;btnStyles&quot;:{&quot;background&quot;:&quot;#1e73be&quot;,&quot;color&quot;:&quot;#fff&quot;,&quot;fontSize&quot;:&quot;1rem&quot;,&quot;padding&quot;:{&quot;top&quot;:10,&quot;right&quot;:20,&quot;bottom&quot;:10,&quot;left&quot;:10}},&quot;popupOptions&quot;:{&quot;enabled&quot;:0,&quot;text&quot;:&quot;Open PDF&quot;,&quot;triggerType&quot;:&quot;button&quot;,&quot;image&quot;:&quot;&quot;,&quot;imageHeight&quot;:&quot;200px&quot;,&quot;imageWidth&quot;:&quot;300px&quot;,&quot;imagePdfIcon&quot;:true,&quot;triggerAlignment&quot;:&quot;center&quot;,&quot;btnStyle&quot;:{&quot;background&quot;:&quot;#1e73be&quot;,&quot;color&quot;:&quot;#fff&quot;,&quot;fontSize&quot;:&quot;1rem&quot;,&quot;padding&quot;:{&quot;top&quot;:10,&quot;right&quot;:20,&quot;bottom&quot;:10,&quot;left&quot;:10}}},&quot;actionsPosition&quot;:&quot;top&quot;,&quot;socialShare&quot;:{&quot;enabled&quot;:false,&quot;facebook&quot;:false,&quot;twitter&quot;:false,&quot;linkedin&quot;:false,&quot;pinterest&quot;:false,&quot;position&quot;:&quot;top&quot;},&quot;adobeEmbedder&quot;:false,&quot;align&quot;:&quot;none&quot;,&quot;alignment&quot;:&quot;left&quot;,&quot;titleFontSize&quot;:&quot;16px&quot;,&quot;isHideRightToolbar&quot;:false,&quot;additional&quot;:{&quot;ID&quot;:&quot;&quot;,&quot;Class&quot;:&quot;&quot;,&quot;CSS&quot;:&quot;&quot;},&quot;adobeOptions&quot;:{&quot;showDownloadPDF&quot;:true,&quot;showPrintPDF&quot;:true,&quot;showAnnotationTools&quot;:true,&quot;showFullScreen&quot;:false,&quot;embedMode&quot;:&quot;SIZED_CONTAINER&quot;},&quot;popupBtnStyle&quot;:{&quot;background&quot;:&quot;#2271b1&quot;,&quot;color&quot;:&quot;#fff&quot;,&quot;padding&quot;:{&quot;top&quot;:10,&quot;right&quot;:20,&quot;bottom&quot;:10,&quot;left&quot;:10}},&quot;popupBtnText&quot;:&quot;Open Document&quot;,&quot;CSS&quot;:&quot;&quot;,&quot;isPremium&quot;:false}'\n    style=\"text-align: left\">\n    \n        <iframe title=\"Asistente de voz AAC\" style=\"border:0;\" width=\"100%\" height=\"800px\" class=\"pdfp_unsupported_frame\" src=\"\/\/docs.google.com\/gview?embedded=true&url=https:\/\/match-talionis.citic.udc.es\/wp-content\/uploads\/2022\/12\/Asistente-de-voz-AAC.pdf\"><\/iframe>\n\n    <\/div>\n\n","protected":false},"excerpt":{"rendered":"<p><span style=\"color: #88c33d;\"><span class=\"TextRun SCXW49624536 BCX8\" lang=\"ES-ES\" xml:lang=\"ES-ES\" data-contrast=\"auto\"><span class=\"NormalTextRun SCXW49624536 BCX8\">Aplicaci\u00f3n <\/span><span class=\"NormalTextRun SCXW49624536 BCX8\">que usa frases completas y palabras<\/span><span class=\"NormalTextRun SCXW49624536 BCX8\"> predefinidas o personalizadas<\/span><span class=\"NormalTextRun SCXW49624536 BCX8\">, haciendo un uso m\u00e1s din\u00e1mico y r\u00e1pido en el intercambio en la comunicaci\u00f3n sin tener que utilizar el teclado virtual del dispositivo<\/span><span class=\"NormalTextRun SCXW49624536 BCX8\">.<\/span><span class=\"NormalTextRun SCXW49624536 BCX8\"> Utiliza la tecnolog\u00eda <\/span><span class=\"NormalTextRun SpellingErrorV2Themed SCXW49624536 BCX8\">Speech<\/span><span class=\"NormalTextRun SCXW49624536 BCX8\"> &#8211;<\/span><span class=\"NormalTextRun SpellingErrorV2Themed SCXW49624536 BCX8\">to<\/span><span class=\"NormalTextRun SCXW49624536 BCX8\"> &#8211;<\/span><span class=\"NormalTextRun SpellingErrorV2Themed SCXW49624536 BCX8\">text<\/span><span class=\"NormalTextRun SCXW49624536 BCX8\"> para ayudar con la comunicaci\u00f3n.<\/span><\/span><span class=\"EOP SCXW49624536 BCX8\" data-ccp-props=\"{&quot;201341983&quot;:0,&quot;335559739&quot;:160,&quot;335559740&quot;:259}\">\u00a0<\/span><\/span><\/p>\n","protected":false},"featured_media":2108,"template":"","meta":[],"product_brand":[],"product_cat":[101,71,106,123,80,93,83,109,75,124,129,78,79,113,128,119,116,127,114,76,134],"product_tag":[],"class_list":{"0":"post-2037","1":"product","2":"type-product","3":"status-publish","4":"has-post-thumbnail","6":"product_cat-22-productos-de-apoyo-para-la-comunicacion-y-la-informacion","7":"product_cat-actividad","8":"product_cat-adecuado-para-personas-con","9":"product_cat-android","10":"product_cat-aplicabilidad-de-la-solucion-tecnologica","11":"product_cat-clasificacion-internacional-iso-99992017-solo-primer-nivel","12":"product_cat-comunicacion","13":"product_cat-diversidad-funcional-cognitiva","14":"product_cat-educacion","15":"product_cat-ios","16":"product_cat-mano-dedo","17":"product_cat-ocio","18":"product_cat-participacion-social","19":"product_cat-problemas-de-aprendizaje-tdha-dislexia-tea","20":"product_cat-seleccion-directa","21":"product_cat-sistema-operativo","22":"product_cat-software","23":"product_cat-tipo-de-acceso-segun-movilidad-conservada","24":"product_cat-tipo-de-solucion","25":"product_cat-trabajo","26":"product_cat-voz","28":"first","29":"instock","30":"shipping-taxable","31":"product-type-simple"},"_links":{"self":[{"href":"https:\/\/match-talionis.citic.udc.es\/index.php?rest_route=\/wp\/v2\/product\/2037","targetHints":{"allow":["GET"]}}],"collection":[{"href":"https:\/\/match-talionis.citic.udc.es\/index.php?rest_route=\/wp\/v2\/product"}],"about":[{"href":"https:\/\/match-talionis.citic.udc.es\/index.php?rest_route=\/wp\/v2\/types\/product"}],"version-history":[{"count":8,"href":"https:\/\/match-talionis.citic.udc.es\/index.php?rest_route=\/wp\/v2\/product\/2037\/revisions"}],"predecessor-version":[{"id":2156,"href":"https:\/\/match-talionis.citic.udc.es\/index.php?rest_route=\/wp\/v2\/product\/2037\/revisions\/2156"}],"wp:featuredmedia":[{"embeddable":true,"href":"https:\/\/match-talionis.citic.udc.es\/index.php?rest_route=\/wp\/v2\/media\/2108"}],"wp:attachment":[{"href":"https:\/\/match-talionis.citic.udc.es\/index.php?rest_route=%2Fwp%2Fv2%2Fmedia&parent=2037"}],"wp:term":[{"taxonomy":"product_brand","embeddable":true,"href":"https:\/\/match-talionis.citic.udc.es\/index.php?rest_route=%2Fwp%2Fv2%2Fproduct_brand&post=2037"},{"taxonomy":"product_cat","embeddable":true,"href":"https:\/\/match-talionis.citic.udc.es\/index.php?rest_route=%2Fwp%2Fv2%2Fproduct_cat&post=2037"},{"taxonomy":"product_tag","embeddable":true,"href":"https:\/\/match-talionis.citic.udc.es\/index.php?rest_route=%2Fwp%2Fv2%2Fproduct_tag&post=2037"}],"curies":[{"name":"wp","href":"https:\/\/api.w.org\/{rel}","templated":true}]}}