{"id":2084,"date":"2022-11-11T10:02:56","date_gmt":"2022-11-11T10:02:56","guid":{"rendered":"https:\/\/match-talionis.citic.udc.es\/?post_type=product&#038;p=2084"},"modified":"2022-12-12T11:37:53","modified_gmt":"2022-12-12T11:37:53","slug":"piruletras","status":"publish","type":"product","link":"https:\/\/match-talionis.citic.udc.es\/?product=piruletras","title":{"rendered":"Piruletras"},"content":{"rendered":"<table style=\"font-weight: 400;\" data-tablestyle=\"MsoTable15Grid5DarkAccent3\" data-tablelook=\"640\" aria-rowcount=\"9\">\n<tbody>\n<tr aria-rowindex=\"1\">\n<td data-celllook=\"69633\"><span style=\"color: #fab111;\">ACTIVIDAD\/\u00c1REA DEL DESEMPE\u00d1O\u00a0<\/span><\/td>\n<td data-celllook=\"65536\"><span data-contrast=\"auto\">Educaci\u00f3n<\/span><span data-ccp-props=\"{&quot;201341983&quot;:0,&quot;335559740&quot;:259}\">\u00a0<\/span><\/td>\n<\/tr>\n<tr aria-rowindex=\"2\">\n<td data-celllook=\"69632\"><span style=\"color: #fab111;\" data-contrast=\"auto\">APLICABILIDAD DE LA SOLUCI\u00d3N (Objetivo)<\/span><span data-ccp-props=\"{&quot;201341983&quot;:0,&quot;335559740&quot;:259}\">\u00a0<\/span><\/td>\n<td data-celllook=\"65536\"><span data-contrast=\"auto\">Intervenci\u00f3n terap\u00e9utica\/ Comunicaci\u00f3n<\/span><span data-ccp-props=\"{&quot;201341983&quot;:0,&quot;335559740&quot;:259}\">\u00a0<\/span><\/td>\n<\/tr>\n<tr aria-rowindex=\"3\">\n<td data-celllook=\"69632\"><span style=\"color: #fab111;\">C\u00d3DIGO Y CATEGOR\u00cdA ISO\u00a0<\/span><\/td>\n<td data-celllook=\"65536\"><span data-contrast=\"auto\">05 Productos de apoyo para el entrenamiento\/aprendizaje de habilidades<\/span><span data-ccp-props=\"{&quot;201341983&quot;:0,&quot;335559740&quot;:259}\">\u00a0<\/span><\/td>\n<\/tr>\n<tr aria-rowindex=\"4\">\n<td data-celllook=\"69632\"><span style=\"color: #fab111;\">TIPO DE SOLUCI\u00d3N\u00a0<\/span><\/td>\n<td data-celllook=\"65536\"><span data-contrast=\"auto\">Software<\/span><span data-ccp-props=\"{&quot;201341983&quot;:0,&quot;335559740&quot;:259}\">\u00a0<\/span><\/td>\n<\/tr>\n<tr aria-rowindex=\"5\">\n<td data-celllook=\"69632\"><span style=\"color: #fab111;\">SISTEMA OPERATIVO\u00a0<\/span><\/td>\n<td data-celllook=\"65536\"><span data-contrast=\"auto\">iOs 6.0 y posterior\u00a0<\/span><span data-ccp-props=\"{&quot;201341983&quot;:0,&quot;335559740&quot;:259}\">\u00a0<\/span><\/td>\n<\/tr>\n<tr aria-rowindex=\"6\">\n<td data-celllook=\"69632\"><span style=\"color: #fab111;\">EDAD RECOMENDADA\u00a0<\/span><\/td>\n<td data-celllook=\"65536\"><span data-contrast=\"auto\">Todas las edades\u00a0<\/span><span data-ccp-props=\"{&quot;201341983&quot;:0,&quot;335559740&quot;:259}\">\u00a0<\/span><\/td>\n<\/tr>\n<tr aria-rowindex=\"7\">\n<td data-celllook=\"69632\"><span style=\"color: #fab111;\">GRADO DE DIFICULTAD\u00a0<\/span><\/td>\n<td data-celllook=\"65536\"><span data-contrast=\"auto\">Bajo<\/span><span data-ccp-props=\"{&quot;201341983&quot;:0,&quot;335559740&quot;:259}\">\u00a0<\/span><\/td>\n<\/tr>\n<tr aria-rowindex=\"8\">\n<td data-celllook=\"69632\"><span style=\"color: #fab111;\">IDIOMA\u00a0<\/span><\/td>\n<td data-celllook=\"65536\"><span data-contrast=\"auto\">Espa\u00f1ol\/ Ingl\u00e9s y Alem\u00e1n<\/span><span data-ccp-props=\"{&quot;201341983&quot;:0,&quot;335559740&quot;:259}\">\u00a0<\/span><\/td>\n<\/tr>\n<tr aria-rowindex=\"9\">\n<td data-celllook=\"69888\"><span style=\"color: #fab111;\">COSTE\u00a0<\/span><\/td>\n<td data-celllook=\"65536\"><span data-contrast=\"auto\">Gratis. La versi\u00f3n completa cuesta 0,99\u20ac<\/span><span data-ccp-props=\"{&quot;201341983&quot;:0,&quot;335559740&quot;:259}\">\u00a0<\/span><\/td>\n<\/tr>\n<\/tbody>\n<\/table>\n<p>&nbsp;<\/p>\n<p>&nbsp;<\/p>\n\n<div\n    class='wp-block-pdfp-pdf-poster  alignnone'\n    id='block-2'\n    data-attributes='{&quot;uniqueId&quot;:&quot;pdfp1&quot;,&quot;file&quot;:&quot;https:\\\/\\\/match-talionis.citic.udc.es\\\/wp-content\\\/uploads\\\/2022\\\/12\\\/Piruletras.pdf&quot;,&quot;title&quot;:&quot;Piruletras&quot;,&quot;height&quot;:&quot;1400px&quot;,&quot;width&quot;:&quot;100%&quot;,&quot;print&quot;:true,&quot;fullscreenButton&quot;:&quot;1&quot;,&quot;fullscreenButtonText&quot;:&quot;View Fullscreen&quot;,&quot;newWindow&quot;:false,&quot;showName&quot;:false,&quot;downloadButton&quot;:false,&quot;downloadButtonText&quot;:&quot;Download File&quot;,&quot;protect&quot;:false,&quot;onlyPDF&quot;:false,&quot;defaultBrowser&quot;:false,&quot;thumbMenu&quot;:false,&quot;initialPage&quot;:0,&quot;sidebarOpen&quot;:false,&quot;lastVersion&quot;:false,&quot;hrScroll&quot;:0,&quot;alert&quot;:false,&quot;btnStyles&quot;:{&quot;background&quot;:&quot;#1e73be&quot;,&quot;color&quot;:&quot;#fff&quot;,&quot;fontSize&quot;:&quot;1rem&quot;,&quot;padding&quot;:{&quot;top&quot;:10,&quot;right&quot;:20,&quot;bottom&quot;:10,&quot;left&quot;:10}},&quot;popupOptions&quot;:{&quot;enabled&quot;:0,&quot;text&quot;:&quot;Open PDF&quot;,&quot;triggerType&quot;:&quot;button&quot;,&quot;image&quot;:&quot;&quot;,&quot;imageHeight&quot;:&quot;200px&quot;,&quot;imageWidth&quot;:&quot;300px&quot;,&quot;imagePdfIcon&quot;:true,&quot;triggerAlignment&quot;:&quot;center&quot;,&quot;btnStyle&quot;:{&quot;background&quot;:&quot;#1e73be&quot;,&quot;color&quot;:&quot;#fff&quot;,&quot;fontSize&quot;:&quot;1rem&quot;,&quot;padding&quot;:{&quot;top&quot;:10,&quot;right&quot;:20,&quot;bottom&quot;:10,&quot;left&quot;:10}}},&quot;actionsPosition&quot;:&quot;top&quot;,&quot;socialShare&quot;:{&quot;enabled&quot;:false,&quot;facebook&quot;:false,&quot;twitter&quot;:false,&quot;linkedin&quot;:false,&quot;pinterest&quot;:false,&quot;position&quot;:&quot;top&quot;},&quot;adobeEmbedder&quot;:false,&quot;align&quot;:&quot;none&quot;,&quot;alignment&quot;:&quot;left&quot;,&quot;titleFontSize&quot;:&quot;16px&quot;,&quot;isHideRightToolbar&quot;:false,&quot;additional&quot;:{&quot;ID&quot;:&quot;&quot;,&quot;Class&quot;:&quot;&quot;,&quot;CSS&quot;:&quot;&quot;},&quot;adobeOptions&quot;:{&quot;showDownloadPDF&quot;:true,&quot;showPrintPDF&quot;:true,&quot;showAnnotationTools&quot;:true,&quot;showFullScreen&quot;:false,&quot;embedMode&quot;:&quot;SIZED_CONTAINER&quot;},&quot;popupBtnStyle&quot;:{&quot;background&quot;:&quot;#2271b1&quot;,&quot;color&quot;:&quot;#fff&quot;,&quot;padding&quot;:{&quot;top&quot;:10,&quot;right&quot;:20,&quot;bottom&quot;:10,&quot;left&quot;:10}},&quot;popupBtnText&quot;:&quot;Open Document&quot;,&quot;CSS&quot;:&quot;&quot;,&quot;isPremium&quot;:false}'\n    style=\"text-align: left\">\n            <div class=\"pdfp_loading_placeholder\" style=\"height: 1400px; width: 100%; display: flex; align-items: center; justify-content: center; background: #f5f5f5; border: 1px solid #ddd;\">\n             <p>Loading Viewer...<\/p>\n        <\/div>\n    <\/div>\n\n","protected":false},"excerpt":{"rendered":"<p><span style=\"color: #88c33d;\"><span class=\"TextRun SCXW1506668 BCX8\" lang=\"ES-ES\" xml:lang=\"ES-ES\" data-contrast=\"auto\"><span class=\"NormalTextRun SCXW1506668 BCX8\">Aplicaci\u00f3n basada en el juego y dise\u00f1ada para mejorar la lectura y escritura en ni\u00f1os con dislexia<\/span><span class=\"NormalTextRun SCXW1506668 BCX8\">.<\/span><\/span><span class=\"EOP SCXW1506668 BCX8\" data-ccp-props=\"{&quot;201341983&quot;:0,&quot;335559739&quot;:160,&quot;335559740&quot;:259}\">\u00a0<\/span><\/span><\/p>\n","protected":false},"featured_media":2131,"template":"","meta":[],"product_brand":[],"product_cat":[95,71,106,80,93,83,75,85,124,129,113,128,119,116,127,114],"product_tag":[],"class_list":{"0":"post-2084","1":"product","2":"type-product","3":"status-publish","4":"has-post-thumbnail","6":"product_cat-05-productos-de-apoyo-para-el-entrenamiento-aprendizaje-de-habilidades","7":"product_cat-actividad","8":"product_cat-adecuado-para-personas-con","9":"product_cat-aplicabilidad-de-la-solucion-tecnologica","10":"product_cat-clasificacion-internacional-iso-99992017-solo-primer-nivel","11":"product_cat-comunicacion","12":"product_cat-educacion","13":"product_cat-intervencion-terapeutica","14":"product_cat-ios","15":"product_cat-mano-dedo","16":"product_cat-problemas-de-aprendizaje-tdha-dislexia-tea","17":"product_cat-seleccion-directa","18":"product_cat-sistema-operativo","19":"product_cat-software","20":"product_cat-tipo-de-acceso-segun-movilidad-conservada","21":"product_cat-tipo-de-solucion","23":"first","24":"instock","25":"shipping-taxable","26":"product-type-simple"},"_links":{"self":[{"href":"https:\/\/match-talionis.citic.udc.es\/index.php?rest_route=\/wp\/v2\/product\/2084","targetHints":{"allow":["GET"]}}],"collection":[{"href":"https:\/\/match-talionis.citic.udc.es\/index.php?rest_route=\/wp\/v2\/product"}],"about":[{"href":"https:\/\/match-talionis.citic.udc.es\/index.php?rest_route=\/wp\/v2\/types\/product"}],"version-history":[{"count":6,"href":"https:\/\/match-talionis.citic.udc.es\/index.php?rest_route=\/wp\/v2\/product\/2084\/revisions"}],"predecessor-version":[{"id":3699,"href":"https:\/\/match-talionis.citic.udc.es\/index.php?rest_route=\/wp\/v2\/product\/2084\/revisions\/3699"}],"wp:featuredmedia":[{"embeddable":true,"href":"https:\/\/match-talionis.citic.udc.es\/index.php?rest_route=\/wp\/v2\/media\/2131"}],"wp:attachment":[{"href":"https:\/\/match-talionis.citic.udc.es\/index.php?rest_route=%2Fwp%2Fv2%2Fmedia&parent=2084"}],"wp:term":[{"taxonomy":"product_brand","embeddable":true,"href":"https:\/\/match-talionis.citic.udc.es\/index.php?rest_route=%2Fwp%2Fv2%2Fproduct_brand&post=2084"},{"taxonomy":"product_cat","embeddable":true,"href":"https:\/\/match-talionis.citic.udc.es\/index.php?rest_route=%2Fwp%2Fv2%2Fproduct_cat&post=2084"},{"taxonomy":"product_tag","embeddable":true,"href":"https:\/\/match-talionis.citic.udc.es\/index.php?rest_route=%2Fwp%2Fv2%2Fproduct_tag&post=2084"}],"curies":[{"name":"wp","href":"https:\/\/api.w.org\/{rel}","templated":true}]}}